{"id":8146,"date":"2016-02-16T08:57:10","date_gmt":"2016-02-16T08:57:10","guid":{"rendered":"https:\/\/www.wojtekwojcik.com\/?page_id=8146"},"modified":"2026-01-06T11:01:34","modified_gmt":"2026-01-06T11:01:34","slug":"dron","status":"publish","type":"page","link":"https:\/\/www.wojtekwojcik.com\/en\/fotografia-reklamowa\/dron\/","title":{"rendered":"dron"},"content":{"rendered":"<div data-elementor-type=\"wp-page\" data-elementor-id=\"8146\" class=\"elementor elementor-8146\" data-elementor-post-type=\"page\">\n\t\t\t\t\t\t<section class=\"elementor-section elementor-top-section elementor-element elementor-element-e54d98d elementor-section-boxed elementor-section-height-default elementor-section-height-default\" data-id=\"e54d98d\" data-element_type=\"section\" data-settings=\"{&quot;jet_parallax_layout_list&quot;:[]}\">\n\t\t\t\t\t\t<div class=\"elementor-container elementor-column-gap-default\">\n\t\t\t\t\t<div class=\"elementor-column elementor-col-100 elementor-top-column elementor-element elementor-element-2e7ff81\" data-id=\"2e7ff81\" data-element_type=\"column\">\n\t\t\t<div class=\"elementor-widget-wrap elementor-element-populated\">\n\t\t\t\t\t\t<div class=\"elementor-element elementor-element-498f55b elementor-widget elementor-widget-heading\" data-id=\"498f55b\" data-element_type=\"widget\" data-widget_type=\"heading.default\">\n\t\t\t\t<div class=\"elementor-widget-container\">\n\t\t\t\t\t<h2 class=\"elementor-heading-title elementor-size-default\">Drone  photography<\/h2>\t\t\t\t<\/div>\n\t\t\t\t<\/div>\n\t\t\t\t<section class=\"elementor-section elementor-inner-section elementor-element elementor-element-f4d967e elementor-section-boxed elementor-section-height-default elementor-section-height-default\" data-id=\"f4d967e\" data-element_type=\"section\" data-settings=\"{&quot;jet_parallax_layout_list&quot;:[]}\">\n\t\t\t\t\t\t<div class=\"elementor-container elementor-column-gap-default\">\n\t\t\t\t\t<div class=\"elementor-column elementor-col-100 elementor-inner-column elementor-element elementor-element-2adbf51\" data-id=\"2adbf51\" data-element_type=\"column\">\n\t\t\t<div class=\"elementor-widget-wrap elementor-element-populated\">\n\t\t\t\t\t\t<div class=\"elementor-element elementor-element-d86de11 elementor-widget elementor-widget-text-editor\" data-id=\"d86de11\" data-element_type=\"widget\" data-widget_type=\"text-editor.default\">\n\t\t\t\t<div class=\"elementor-widget-container\">\n\t\t\t\t\t\t\t\t\tFotografia z drona to idealne uzupe\u0142nienie klasycznej fotografii architektury i krajobrazu. Skierowana do hoteli, deweloper\u00f3w i w\u0142a\u015bcicieli nieruchomo\u015bci, pozwala pokaza\u0107 budynki i ca\u0142e za\u0142o\u017cenia urbanistyczne z zupe\u0142nie nowej, imponuj\u0105cej perspektywy.\t\t\t\t\t\t\t\t<\/div>\n\t\t\t\t<\/div>\n\t\t\t\t\t<\/div>\n\t\t<\/div>\n\t\t\t\t\t<\/div>\n\t\t<\/section>\n\t\t\t\t\t<\/div>\n\t\t<\/div>\n\t\t\t\t\t<\/div>\n\t\t<\/section>\n\t\t\t\t<section class=\"elementor-section elementor-top-section elementor-element elementor-element-f82ba2c elementor-section-full_width elementor-section-height-default elementor-section-height-default\" data-id=\"f82ba2c\" data-element_type=\"section\" data-settings=\"{&quot;jet_parallax_layout_list&quot;:[]}\">\n\t\t\t\t\t\t<div class=\"elementor-container elementor-column-gap-default\">\n\t\t\t\t\t<div class=\"elementor-column elementor-col-100 elementor-top-column elementor-element elementor-element-69b8984\" data-id=\"69b8984\" data-element_type=\"column\">\n\t\t\t<div class=\"elementor-widget-wrap elementor-element-populated\">\n\t\t\t\t\t\t<div class=\"elementor-element elementor-element-a599dc7 elementor-widget elementor-widget-gallery\" data-id=\"a599dc7\" data-element_type=\"widget\" data-settings=\"{&quot;aspect_ratio&quot;:&quot;1:1&quot;,&quot;lazyload&quot;:&quot;yes&quot;,&quot;gallery_layout&quot;:&quot;grid&quot;,&quot;columns&quot;:4,&quot;columns_tablet&quot;:2,&quot;columns_mobile&quot;:1,&quot;gap&quot;:{&quot;unit&quot;:&quot;px&quot;,&quot;size&quot;:10,&quot;sizes&quot;:[]},&quot;gap_tablet&quot;:{&quot;unit&quot;:&quot;px&quot;,&quot;size&quot;:10,&quot;sizes&quot;:[]},&quot;gap_mobile&quot;:{&quot;unit&quot;:&quot;px&quot;,&quot;size&quot;:10,&quot;sizes&quot;:[]},&quot;link_to&quot;:&quot;file&quot;,&quot;overlay_background&quot;:&quot;yes&quot;,&quot;content_hover_animation&quot;:&quot;fade-in&quot;}\" data-widget_type=\"gallery.default\">\n\t\t\t\t<div class=\"elementor-widget-container\">\n\t\t\t\t\t\t\t<div class=\"elementor-gallery__container\">\n\t\t\t\t\t\t\t<a class=\"e-gallery-item elementor-gallery-item elementor-animated-content\" href=\"https:\/\/www.wojtekwojcik.com\/wp-content\/uploads\/2023\/01\/collins_sianozety.jpg\" data-elementor-open-lightbox=\"yes\" data-elementor-lightbox-slideshow=\"a599dc7\" data-e-action-hash=\"#elementor-action%3Aaction%3Dlightbox%26settings%3DeyJpZCI6MjA4MTIsInVybCI6Imh0dHBzOlwvXC93d3cud29qdGVrd29qY2lrLmNvbVwvd3AtY29udGVudFwvdXBsb2Fkc1wvMjAyM1wvMDFcL2NvbGxpbnNfc2lhbm96ZXR5LmpwZyIsInNsaWRlc2hvdyI6ImE1OTlkYzcifQ%3D%3D\">\n\t\t\t\t\t<div class=\"e-gallery-image elementor-gallery-item__image\" data-thumbnail=\"https:\/\/www.wojtekwojcik.com\/wp-content\/uploads\/2023\/01\/collins_sianozety.jpg\" data-width=\"1500\" data-height=\"1000\" aria-label=\"\" role=\"img\" ><\/div>\n\t\t\t\t\t\t\t\t\t\t\t<div class=\"elementor-gallery-item__overlay\"><\/div>\n\t\t\t\t\t\t\t\t\t\t\t\t\t\t<\/a>\n\t\t\t\t\t\t\t<a class=\"e-gallery-item elementor-gallery-item elementor-animated-content\" href=\"https:\/\/www.wojtekwojcik.com\/wp-content\/uploads\/2022\/12\/fotografia_hotele_kolobrzeg_003.jpg\" data-elementor-open-lightbox=\"yes\" data-elementor-lightbox-slideshow=\"a599dc7\" data-e-action-hash=\"#elementor-action%3Aaction%3Dlightbox%26settings%3DeyJpZCI6MTk5MjAsInVybCI6Imh0dHBzOlwvXC93d3cud29qdGVrd29qY2lrLmNvbVwvd3AtY29udGVudFwvdXBsb2Fkc1wvMjAyMlwvMTJcL2ZvdG9ncmFmaWFfaG90ZWxlX2tvbG9icnplZ18wMDMuanBnIiwic2xpZGVzaG93IjoiYTU5OWRjNyJ9\">\n\t\t\t\t\t<div class=\"e-gallery-image elementor-gallery-item__image\" data-thumbnail=\"https:\/\/www.wojtekwojcik.com\/wp-content\/uploads\/2022\/12\/fotografia_hotele_kolobrzeg_003.jpg\" data-width=\"924\" data-height=\"1500\" aria-label=\"\" role=\"img\" ><\/div>\n\t\t\t\t\t\t\t\t\t\t\t<div class=\"elementor-gallery-item__overlay\"><\/div>\n\t\t\t\t\t\t\t\t\t\t\t\t\t\t<\/a>\n\t\t\t\t\t\t\t<a class=\"e-gallery-item elementor-gallery-item elementor-animated-content\" href=\"https:\/\/www.wojtekwojcik.com\/wp-content\/uploads\/2022\/12\/fotografia_hotele_kolobrzeg_001.jpg\" data-elementor-open-lightbox=\"yes\" data-elementor-lightbox-slideshow=\"a599dc7\" data-e-action-hash=\"#elementor-action%3Aaction%3Dlightbox%26settings%3DeyJpZCI6MTk5MTksInVybCI6Imh0dHBzOlwvXC93d3cud29qdGVrd29qY2lrLmNvbVwvd3AtY29udGVudFwvdXBsb2Fkc1wvMjAyMlwvMTJcL2ZvdG9ncmFmaWFfaG90ZWxlX2tvbG9icnplZ18wMDEuanBnIiwic2xpZGVzaG93IjoiYTU5OWRjNyJ9\">\n\t\t\t\t\t<div class=\"e-gallery-image elementor-gallery-item__image\" data-thumbnail=\"https:\/\/www.wojtekwojcik.com\/wp-content\/uploads\/2022\/12\/fotografia_hotele_kolobrzeg_001.jpg\" data-width=\"1500\" data-height=\"759\" aria-label=\"\" role=\"img\" ><\/div>\n\t\t\t\t\t\t\t\t\t\t\t<div class=\"elementor-gallery-item__overlay\"><\/div>\n\t\t\t\t\t\t\t\t\t\t\t\t\t\t<\/a>\n\t\t\t\t\t\t\t<a class=\"e-gallery-item elementor-gallery-item elementor-animated-content\" href=\"https:\/\/www.wojtekwojcik.com\/wp-content\/uploads\/2022\/12\/fotografia_hotele_kolobrzeg_007.jpg\" data-elementor-open-lightbox=\"yes\" data-elementor-lightbox-slideshow=\"a599dc7\" data-e-action-hash=\"#elementor-action%3Aaction%3Dlightbox%26settings%3DeyJpZCI6MTk5MjQsInVybCI6Imh0dHBzOlwvXC93d3cud29qdGVrd29qY2lrLmNvbVwvd3AtY29udGVudFwvdXBsb2Fkc1wvMjAyMlwvMTJcL2ZvdG9ncmFmaWFfaG90ZWxlX2tvbG9icnplZ18wMDcuanBnIiwic2xpZGVzaG93IjoiYTU5OWRjNyJ9\">\n\t\t\t\t\t<div class=\"e-gallery-image elementor-gallery-item__image\" data-thumbnail=\"https:\/\/www.wojtekwojcik.com\/wp-content\/uploads\/2022\/12\/fotografia_hotele_kolobrzeg_007.jpg\" data-width=\"1500\" data-height=\"780\" aria-label=\"\" role=\"img\" ><\/div>\n\t\t\t\t\t\t\t\t\t\t\t<div class=\"elementor-gallery-item__overlay\"><\/div>\n\t\t\t\t\t\t\t\t\t\t\t\t\t\t<\/a>\n\t\t\t\t\t\t\t<a class=\"e-gallery-item elementor-gallery-item elementor-animated-content\" href=\"https:\/\/www.wojtekwojcik.com\/wp-content\/uploads\/2022\/12\/fotografia_hotele_kolobrzeg_008.jpg\" data-elementor-open-lightbox=\"yes\" data-elementor-lightbox-slideshow=\"a599dc7\" data-e-action-hash=\"#elementor-action%3Aaction%3Dlightbox%26settings%3DeyJpZCI6MTk5MjUsInVybCI6Imh0dHBzOlwvXC93d3cud29qdGVrd29qY2lrLmNvbVwvd3AtY29udGVudFwvdXBsb2Fkc1wvMjAyMlwvMTJcL2ZvdG9ncmFmaWFfaG90ZWxlX2tvbG9icnplZ18wMDguanBnIiwic2xpZGVzaG93IjoiYTU5OWRjNyJ9\">\n\t\t\t\t\t<div class=\"e-gallery-image elementor-gallery-item__image\" data-thumbnail=\"https:\/\/www.wojtekwojcik.com\/wp-content\/uploads\/2022\/12\/fotografia_hotele_kolobrzeg_008.jpg\" data-width=\"1500\" data-height=\"843\" aria-label=\"\" role=\"img\" ><\/div>\n\t\t\t\t\t\t\t\t\t\t\t<div class=\"elementor-gallery-item__overlay\"><\/div>\n\t\t\t\t\t\t\t\t\t\t\t\t\t\t<\/a>\n\t\t\t\t\t\t\t<a class=\"e-gallery-item elementor-gallery-item elementor-animated-content\" href=\"https:\/\/www.wojtekwojcik.com\/wp-content\/uploads\/2022\/12\/fotografia_hotele_kolobrzeg_005.jpg\" data-elementor-open-lightbox=\"yes\" data-elementor-lightbox-slideshow=\"a599dc7\" data-e-action-hash=\"#elementor-action%3Aaction%3Dlightbox%26settings%3DeyJpZCI6MTk5MjIsInVybCI6Imh0dHBzOlwvXC93d3cud29qdGVrd29qY2lrLmNvbVwvd3AtY29udGVudFwvdXBsb2Fkc1wvMjAyMlwvMTJcL2ZvdG9ncmFmaWFfaG90ZWxlX2tvbG9icnplZ18wMDUuanBnIiwic2xpZGVzaG93IjoiYTU5OWRjNyJ9\">\n\t\t\t\t\t<div class=\"e-gallery-image elementor-gallery-item__image\" data-thumbnail=\"https:\/\/www.wojtekwojcik.com\/wp-content\/uploads\/2022\/12\/fotografia_hotele_kolobrzeg_005.jpg\" data-width=\"1500\" data-height=\"934\" aria-label=\"\" role=\"img\" ><\/div>\n\t\t\t\t\t\t\t\t\t\t\t<div class=\"elementor-gallery-item__overlay\"><\/div>\n\t\t\t\t\t\t\t\t\t\t\t\t\t\t<\/a>\n\t\t\t\t\t\t\t<a class=\"e-gallery-item elementor-gallery-item elementor-animated-content\" href=\"https:\/\/www.wojtekwojcik.com\/wp-content\/uploads\/2022\/12\/zdjecia_hotelowe_Koszalin_012.jpg\" data-elementor-open-lightbox=\"yes\" data-elementor-lightbox-slideshow=\"a599dc7\" data-e-action-hash=\"#elementor-action%3Aaction%3Dlightbox%26settings%3DeyJpZCI6MjAyODMsInVybCI6Imh0dHBzOlwvXC93d3cud29qdGVrd29qY2lrLmNvbVwvd3AtY29udGVudFwvdXBsb2Fkc1wvMjAyMlwvMTJcL3pkamVjaWFfaG90ZWxvd2VfS29zemFsaW5fMDEyLmpwZyIsInNsaWRlc2hvdyI6ImE1OTlkYzcifQ%3D%3D\">\n\t\t\t\t\t<div class=\"e-gallery-image elementor-gallery-item__image\" data-thumbnail=\"https:\/\/www.wojtekwojcik.com\/wp-content\/uploads\/2022\/12\/zdjecia_hotelowe_Koszalin_012.jpg\" data-width=\"1200\" data-height=\"715\" aria-label=\"\" role=\"img\" ><\/div>\n\t\t\t\t\t\t\t\t\t\t\t<div class=\"elementor-gallery-item__overlay\"><\/div>\n\t\t\t\t\t\t\t\t\t\t\t\t\t\t<\/a>\n\t\t\t\t\t\t\t<a class=\"e-gallery-item elementor-gallery-item elementor-animated-content\" href=\"https:\/\/www.wojtekwojcik.com\/wp-content\/uploads\/2022\/12\/zdjecia_hotelowe_Koszalin_005.jpg\" data-elementor-open-lightbox=\"yes\" data-elementor-lightbox-slideshow=\"a599dc7\" data-e-action-hash=\"#elementor-action%3Aaction%3Dlightbox%26settings%3DeyJpZCI6MjAyNzYsInVybCI6Imh0dHBzOlwvXC93d3cud29qdGVrd29qY2lrLmNvbVwvd3AtY29udGVudFwvdXBsb2Fkc1wvMjAyMlwvMTJcL3pkamVjaWFfaG90ZWxvd2VfS29zemFsaW5fMDA1LmpwZyIsInNsaWRlc2hvdyI6ImE1OTlkYzcifQ%3D%3D\">\n\t\t\t\t\t<div class=\"e-gallery-image elementor-gallery-item__image\" data-thumbnail=\"https:\/\/www.wojtekwojcik.com\/wp-content\/uploads\/2022\/12\/zdjecia_hotelowe_Koszalin_005.jpg\" data-width=\"1200\" data-height=\"800\" aria-label=\"\" role=\"img\" ><\/div>\n\t\t\t\t\t\t\t\t\t\t\t<div class=\"elementor-gallery-item__overlay\"><\/div>\n\t\t\t\t\t\t\t\t\t\t\t\t\t\t<\/a>\n\t\t\t\t\t\t\t<a class=\"e-gallery-item elementor-gallery-item elementor-animated-content\" href=\"https:\/\/www.wojtekwojcik.com\/wp-content\/uploads\/2022\/12\/zdjecia_hotelowe_Koszalin_003.jpg\" data-elementor-open-lightbox=\"yes\" data-elementor-lightbox-slideshow=\"a599dc7\" data-e-action-hash=\"#elementor-action%3Aaction%3Dlightbox%26settings%3DeyJpZCI6MjAyNzQsInVybCI6Imh0dHBzOlwvXC93d3cud29qdGVrd29qY2lrLmNvbVwvd3AtY29udGVudFwvdXBsb2Fkc1wvMjAyMlwvMTJcL3pkamVjaWFfaG90ZWxvd2VfS29zemFsaW5fMDAzLmpwZyIsInNsaWRlc2hvdyI6ImE1OTlkYzcifQ%3D%3D\">\n\t\t\t\t\t<div class=\"e-gallery-image elementor-gallery-item__image\" data-thumbnail=\"https:\/\/www.wojtekwojcik.com\/wp-content\/uploads\/2022\/12\/zdjecia_hotelowe_Koszalin_003.jpg\" data-width=\"1500\" data-height=\"891\" aria-label=\"\" role=\"img\" ><\/div>\n\t\t\t\t\t\t\t\t\t\t\t<div class=\"elementor-gallery-item__overlay\"><\/div>\n\t\t\t\t\t\t\t\t\t\t\t\t\t\t<\/a>\n\t\t\t\t\t\t\t<a class=\"e-gallery-item elementor-gallery-item elementor-animated-content\" href=\"https:\/\/www.wojtekwojcik.com\/wp-content\/uploads\/2022\/12\/zdjecia_hotelowe_Koszalin_009.jpg\" data-elementor-open-lightbox=\"yes\" data-elementor-lightbox-slideshow=\"a599dc7\" data-e-action-hash=\"#elementor-action%3Aaction%3Dlightbox%26settings%3DeyJpZCI6MjAyODAsInVybCI6Imh0dHBzOlwvXC93d3cud29qdGVrd29qY2lrLmNvbVwvd3AtY29udGVudFwvdXBsb2Fkc1wvMjAyMlwvMTJcL3pkamVjaWFfaG90ZWxvd2VfS29zemFsaW5fMDA5LmpwZyIsInNsaWRlc2hvdyI6ImE1OTlkYzcifQ%3D%3D\">\n\t\t\t\t\t<div class=\"e-gallery-image elementor-gallery-item__image\" data-thumbnail=\"https:\/\/www.wojtekwojcik.com\/wp-content\/uploads\/2022\/12\/zdjecia_hotelowe_Koszalin_009.jpg\" data-width=\"1200\" data-height=\"674\" aria-label=\"\" role=\"img\" ><\/div>\n\t\t\t\t\t\t\t\t\t\t\t<div class=\"elementor-gallery-item__overlay\"><\/div>\n\t\t\t\t\t\t\t\t\t\t\t\t\t\t<\/a>\n\t\t\t\t\t\t\t<a class=\"e-gallery-item elementor-gallery-item elementor-animated-content\" href=\"https:\/\/www.wojtekwojcik.com\/wp-content\/uploads\/2022\/12\/Corinna_Janson_001.jpg\" data-elementor-open-lightbox=\"yes\" data-elementor-lightbox-slideshow=\"a599dc7\" data-e-action-hash=\"#elementor-action%3Aaction%3Dlightbox%26settings%3DeyJpZCI6MjAyNDUsInVybCI6Imh0dHBzOlwvXC93d3cud29qdGVrd29qY2lrLmNvbVwvd3AtY29udGVudFwvdXBsb2Fkc1wvMjAyMlwvMTJcL0NvcmlubmFfSmFuc29uXzAwMS5qcGciLCJzbGlkZXNob3ciOiJhNTk5ZGM3In0%3D\">\n\t\t\t\t\t<div class=\"e-gallery-image elementor-gallery-item__image\" data-thumbnail=\"https:\/\/www.wojtekwojcik.com\/wp-content\/uploads\/2022\/12\/Corinna_Janson_001.jpg\" data-width=\"1500\" data-height=\"1041\" aria-label=\"\" role=\"img\" ><\/div>\n\t\t\t\t\t\t\t\t\t\t\t<div class=\"elementor-gallery-item__overlay\"><\/div>\n\t\t\t\t\t\t\t\t\t\t\t\t\t\t<\/a>\n\t\t\t\t\t\t\t<a class=\"e-gallery-item elementor-gallery-item elementor-animated-content\" href=\"https:\/\/www.wojtekwojcik.com\/wp-content\/uploads\/2022\/12\/fotografia_hotele_kolobrzeg_004.jpg\" data-elementor-open-lightbox=\"yes\" data-elementor-lightbox-slideshow=\"a599dc7\" data-e-action-hash=\"#elementor-action%3Aaction%3Dlightbox%26settings%3DeyJpZCI6MTk5MjEsInVybCI6Imh0dHBzOlwvXC93d3cud29qdGVrd29qY2lrLmNvbVwvd3AtY29udGVudFwvdXBsb2Fkc1wvMjAyMlwvMTJcL2ZvdG9ncmFmaWFfaG90ZWxlX2tvbG9icnplZ18wMDQuanBnIiwic2xpZGVzaG93IjoiYTU5OWRjNyJ9\">\n\t\t\t\t\t<div class=\"e-gallery-image elementor-gallery-item__image\" data-thumbnail=\"https:\/\/www.wojtekwojcik.com\/wp-content\/uploads\/2022\/12\/fotografia_hotele_kolobrzeg_004.jpg\" data-width=\"1500\" data-height=\"843\" aria-label=\"\" role=\"img\" ><\/div>\n\t\t\t\t\t\t\t\t\t\t\t<div class=\"elementor-gallery-item__overlay\"><\/div>\n\t\t\t\t\t\t\t\t\t\t\t\t\t\t<\/a>\n\t\t\t\t\t<\/div>\n\t\t\t\t\t<\/div>\n\t\t\t\t<\/div>\n\t\t\t\t\t<\/div>\n\t\t<\/div>\n\t\t\t\t\t<\/div>\n\t\t<\/section>\n\t\t\t\t<\/div>","protected":false},"excerpt":{"rendered":"<p>Fotografia z drona Fotografia z drona to idealne uzupe\u0142nienie klasycznej fotografii architektury i krajobrazu. Skierowana do hoteli, deweloper\u00f3w i w\u0142a\u015bcicieli nieruchomo\u015bci, pozwala pokaza\u0107 budynki i ca\u0142e za\u0142o\u017cenia urbanistyczne z zupe\u0142nie nowej, imponuj\u0105cej perspektywy.<\/p>","protected":false},"author":1,"featured_media":0,"parent":7507,"menu_order":0,"comment_status":"closed","ping_status":"open","template":"elementor_header_footer","meta":{"_monsterinsights_skip_tracking":false,"_monsterinsights_sitenote_active":false,"_monsterinsights_sitenote_note":"","_monsterinsights_sitenote_category":0,"footnotes":""},"class_list":["post-8146","page","type-page","status-publish","hentry"],"_links":{"self":[{"href":"https:\/\/www.wojtekwojcik.com\/en\/wp-json\/wp\/v2\/pages\/8146","targetHints":{"allow":["GET"]}}],"collection":[{"href":"https:\/\/www.wojtekwojcik.com\/en\/wp-json\/wp\/v2\/pages"}],"about":[{"href":"https:\/\/www.wojtekwojcik.com\/en\/wp-json\/wp\/v2\/types\/page"}],"author":[{"embeddable":true,"href":"https:\/\/www.wojtekwojcik.com\/en\/wp-json\/wp\/v2\/users\/1"}],"replies":[{"embeddable":true,"href":"https:\/\/www.wojtekwojcik.com\/en\/wp-json\/wp\/v2\/comments?post=8146"}],"version-history":[{"count":28,"href":"https:\/\/www.wojtekwojcik.com\/en\/wp-json\/wp\/v2\/pages\/8146\/revisions"}],"predecessor-version":[{"id":23142,"href":"https:\/\/www.wojtekwojcik.com\/en\/wp-json\/wp\/v2\/pages\/8146\/revisions\/23142"}],"up":[{"embeddable":true,"href":"https:\/\/www.wojtekwojcik.com\/en\/wp-json\/wp\/v2\/pages\/7507"}],"wp:attachment":[{"href":"https:\/\/www.wojtekwojcik.com\/en\/wp-json\/wp\/v2\/media?parent=8146"}],"curies":[{"name":"wp","href":"https:\/\/api.w.org\/{rel}","templated":true}]}}